{"id":18409,"date":"2025-10-08T00:09:28","date_gmt":"2025-10-07T21:09:28","guid":{"rendered":"https:\/\/fbmecasystem.com\/entrance-control\/full-height-turnstiles\/turn-gate-tgb410\/"},"modified":"2025-12-08T16:45:52","modified_gmt":"2025-12-08T13:45:52","slug":"turn-gate-tgb410","status":"publish","type":"page","link":"https:\/\/fbmecasystem.com\/en\/entrance-control\/full-height-turnstiles\/turn-gate-tgb410\/","title":{"rendered":"TURN GATE TGM 410"},"content":{"rendered":"\t\t<div data-elementor-type=\"wp-page\" data-elementor-id=\"18409\" class=\"elementor elementor-18409 elementor-18373\">\n\t\t\t\t\t\t\t\t\t<section class=\"elementor-section elementor-top-section elementor-element elementor-element-557ed6e elementor-section-boxed elementor-section-height-default elementor-section-height-default\" data-id=\"557ed6e\" data-element_type=\"section\">\n\t\t\t\t\t\t<div class=\"elementor-container elementor-column-gap-default\">\n\t\t\t\t\t<div class=\"elementor-column elementor-col-50 elementor-top-column elementor-element elementor-element-379409f\" data-id=\"379409f\" data-element_type=\"column\">\n\t\t\t<div class=\"elementor-widget-wrap elementor-element-populated\">\n\t\t\t\t\t\t\t\t<div class=\"elementor-element elementor-element-b4c73dd elementor-widget elementor-widget-image\" data-id=\"b4c73dd\" data-element_type=\"widget\" data-widget_type=\"image.default\">\n\t\t\t\t<div class=\"elementor-widget-container\">\n\t\t\t<style>\/*! elementor - v3.12.2 - 23-04-2023 *\/\n.elementor-widget-image{text-align:center}.elementor-widget-image a{display:inline-block}.elementor-widget-image a img[src$=\".svg\"]{width:48px}.elementor-widget-image img{vertical-align:middle;display:inline-block}<\/style>\t\t\t\t\t\t\t\t\t\t\t\t<img decoding=\"async\" width=\"640\" height=\"640\" src=\"https:\/\/fbmecasystem.com\/wp-content\/uploads\/2025\/10\/TGB410.jpg\" class=\"attachment-large size-large wp-image-18376\" alt=\"TURNGATE\nTGB410\" srcset=\"https:\/\/fbmecasystem.com\/wp-content\/uploads\/2025\/10\/TGB410.jpg 640w, https:\/\/fbmecasystem.com\/wp-content\/uploads\/2025\/10\/TGB410-300x300.jpg 300w, https:\/\/fbmecasystem.com\/wp-content\/uploads\/2025\/10\/TGB410-150x150.jpg 150w\" sizes=\"(max-width: 640px) 100vw, 640px\" \/>\t\t\t\t\t\t\t\t\t\t\t\t\t\t\t<\/div>\n\t\t\t\t<\/div>\n\t\t\t\t<div class=\"elementor-element elementor-element-ab3fced bdt-custom-gallery-skin-fedara-style-center elementor-widget elementor-widget-bdt-custom-gallery\" data-id=\"ab3fced\" data-element_type=\"widget\" data-settings=\"{&quot;columns&quot;:&quot;6&quot;,&quot;columns_tablet&quot;:&quot;4&quot;,&quot;columns_mobile&quot;:&quot;4&quot;}\" data-widget_type=\"bdt-custom-gallery.default\">\n\t\t\t\t<div class=\"elementor-widget-container\">\n\t\t\t\t\t<div id=\"bdt-custom-gallery-ab3fced\" class=\"bdt-custom-gallery bdt-custom-gallery-skin-default bdt-grid bdt-grid-small\" data-bdt-lightbox=\"toggle: .bdt-gallery-lightbox-item; animation:slide;\" >\n\t\t\t\t\t<div class=\"bdt-gallery-item bdt-transition-toggle bdt-width-1-4 bdt-width-1-4@s bdt-width-1-6@m\">\n\t\t\t\t<div class=\"bdt-custom-gallery-inner bdt-image-mask\">\n\t\t\t\t\t\n\t\t\t\t\t\n\t\t\t\t\t\n\t\t\t\t\t\n        <div class=\"bdt-gallery-thumbnail\">\n           \n            <img decoding=\"async\" src=\"https:\/\/fbmecasystem.com\/wp-content\/uploads\/2025\/10\/TGM415-2-300x300.jpg\" alt=\"TURNGATE TGB410\">\n\n        <\/div>\n        \t\t<div class=\"bdt-overlay bdt-overlay-default bdt-position-cover bdt-transition-fade\">\n\t\t\t<div class=\"bdt-custom-gallery-content\">\n\t\t\t\t<div class=\"bdt-custom-gallery-content-inner\">\n\t\t\t\t\t\n\t\t\t\t\t\n\n\t\t\t\t\t\t\t\t\t\t\t<div class=\"bdt-flex-inline bdt-gallery-item-link-wrapper\">\n\t\t\t\t\t\t\t<a data-elementor-open-lightbox=\"no\" href=\"https:\/\/fbmecasystem.com\/wp-content\/uploads\/2025\/10\/TGM415-2.jpg\" class=\"bdt-gallery-item-link bdt-gallery-lightbox-item\" data-caption=\"TURNGATE TGB410\">\n\t\t\t\t\t\t\t\t\t\t\t\t\t\t\t\t\t<i class=\"ep-plus\" aria-hidden=\"true\"><\/i>\n\t\t\t\t\t\t\t\t\t\t\t\t\t\t\t<\/a>\n\t\t\t\t\t\t<\/div>\n\t\t\t\t\t\n\t\t\t\t\t\n\t\t\t\t<\/div>\n\t\t\t<\/div>\n\t\t<\/div>\n\t\t\t\t\t\t\t\n\t\t\t\t\t\t\t\t\t<\/div>\n\t\t\t<\/div>\n\n\t\t\n\t\t\t\t<\/div>\n\t\t\t\t<\/div>\n\t\t\t\t<\/div>\n\t\t\t\t<div class=\"elementor-element elementor-element-62b39c0 elementor-widget elementor-widget-text-editor\" data-id=\"62b39c0\" data-element_type=\"widget\" data-widget_type=\"text-editor.default\">\n\t\t\t\t<div class=\"elementor-widget-container\">\n\t\t\t<style>\/*! elementor - v3.12.2 - 23-04-2023 *\/\n.elementor-widget-text-editor.elementor-drop-cap-view-stacked .elementor-drop-cap{background-color:#69727d;color:#fff}.elementor-widget-text-editor.elementor-drop-cap-view-framed .elementor-drop-cap{color:#69727d;border:3px solid;background-color:transparent}.elementor-widget-text-editor:not(.elementor-drop-cap-view-default) .elementor-drop-cap{margin-top:8px}.elementor-widget-text-editor:not(.elementor-drop-cap-view-default) .elementor-drop-cap-letter{width:1em;height:1em}.elementor-widget-text-editor .elementor-drop-cap{float:left;text-align:center;line-height:1;font-size:50px}.elementor-widget-text-editor .elementor-drop-cap-letter{display:inline-block}<\/style>\t\t\t\t<section class=\"product-tabs\"><div class=\"tab_container\"><div id=\"tab1\" class=\"tab_content\"><div class=\"elementor elementor-8383\" data-elementor-type=\"wp-post\" data-elementor-id=\"8383\" data-elementor-settings=\"[]\"><div class=\"elementor-inner\"><div class=\"elementor-section-wrap\"><section class=\"has_eae_slider elementor-section elementor-top-section elementor-element elementor-element-77e4fc1 elementor-section-boxed elementor-section-height-default elementor-section-height-default\" data-id=\"77e4fc1\" data-element_type=\"section\"><div class=\"elementor-container elementor-column-gap-default\"><div class=\"elementor-row\"><div class=\"has_eae_slider elementor-column elementor-col-100 elementor-top-column elementor-element elementor-element-84a48fe\" data-id=\"84a48fe\" data-element_type=\"column\"><div class=\"elementor-column-wrap elementor-element-populated\"><div class=\"elementor-widget-wrap\"><div class=\"elementor-element elementor-element-3010b78 elementor-widget elementor-widget-text-editor\" data-id=\"3010b78\" data-element_type=\"widget\" data-widget_type=\"text-editor.default\"><div class=\"elementor-widget-container\"><div class=\"elementor-text-editor elementor-clearfix\"><p><strong>Options<br \/><\/strong>\u2022 Tout dispositif suppl\u00e9mentaire sur demande (ex : compteur de passage, lecteurs RFID\/Proximit\u00e9\/Biom\u00e9trique, monnayeur, bouton poussoir, lecteur de code-barres et QR-code)<br \/>\u2022 Plateforme mobile<br \/>\u2022 Fonction de chauffage pour installation ext\u00e9rieure (pour les climats froids)<br \/>\u2022 Alarme sur couvercle sup\u00e9rieur si passage au-dessus<br \/>\u2022 Syst\u00e8me de refroidissement et de ventilation pour climat extr\u00eame<br \/>\u2022 Application OEM\/Logo<br \/>\u2022 Espace suppl\u00e9mentaire pour tout \u00e9quipement compl\u00e9mentaire<\/p><\/div><\/div><\/div><\/div><\/div><\/div><\/div><\/div><\/section><\/div><\/div><\/div><\/div><\/div><\/section>\t\t\t\t\t\t<\/div>\n\t\t\t\t<\/div>\n\t\t\t\t\t<\/div>\n\t\t<\/div>\n\t\t\t\t<div class=\"elementor-column elementor-col-50 elementor-top-column elementor-element elementor-element-6b41245b\" data-id=\"6b41245b\" data-element_type=\"column\">\n\t\t\t<div class=\"elementor-widget-wrap elementor-element-populated\">\n\t\t\t\t\t\t\t\t<div class=\"elementor-element elementor-element-52d24465 elementor-widget elementor-widget-text-editor\" data-id=\"52d24465\" data-element_type=\"widget\" data-widget_type=\"text-editor.default\">\n\t\t\t\t<div class=\"elementor-widget-container\">\n\t\t\t\t\t\t\t<section class=\"product-tabs\"><div class=\"tab_container\"><div id=\"tab1\" class=\"tab_content\"><div class=\"elementor elementor-8383\" data-elementor-type=\"wp-post\" data-elementor-id=\"8383\" data-elementor-settings=\"[]\"><div class=\"elementor-inner\"><div class=\"elementor-section-wrap\"><section class=\"has_eae_slider elementor-section elementor-top-section elementor-element elementor-element-77e4fc1 elementor-section-boxed elementor-section-height-default elementor-section-height-default\" data-id=\"77e4fc1\" data-element_type=\"section\"><div class=\"elementor-container elementor-column-gap-default\"><div class=\"elementor-row\"><div class=\"has_eae_slider elementor-column elementor-col-100 elementor-top-column elementor-element elementor-element-84a48fe\" data-id=\"84a48fe\" data-element_type=\"column\"><div class=\"elementor-column-wrap elementor-element-populated\"><div class=\"elementor-widget-wrap\"><div class=\"elementor-element elementor-element-3010b78 elementor-widget elementor-widget-text-editor\" data-id=\"3010b78\" data-element_type=\"widget\" data-widget_type=\"text-editor.default\"><div class=\"elementor-widget-container\"><div class=\"elementor-text-editor elementor-clearfix\"><p>Les tourniquets <span class=\"selectable-text copyable-text xkrh14z\">TURN GATE MOBILE<\/span> sont con\u00e7us pour assurer le contr\u00f4le autonome des acc\u00e8s pi\u00e9tons vers un espace public ou priv\u00e9 n\u00e9cessitant un haut niveau de s\u00e9curit\u00e9.<br \/>Le tourniquet TGM410 est con\u00e7u pour r\u00e9pondre au besoin de <strong>s\u00e9curisation des sites sensibles, des chantiers et \u00e9v\u00e8nements.<\/strong><\/p><p><strong>Rigidit\u00e9 et robustesse<br \/><\/strong>Adapt\u00e9s aux zones \u00e0 trafic intense, leur r\u00e9sistance et leur faible consommation d\u2019\u00e9nergie font des TURN GATE MOBILE, des incontournables pour les zones \u00e0 trafic soutenu et r\u00e9gulier qui n\u00e9cessitent un niveau de s\u00e9curit\u00e9 mod\u00e9r\u00e9 \u00e0 tr\u00e8s haut. Nos ing\u00e9nieurs ont \u00e9tudi\u00e9 l\u2019ensemble de la chaine de conception afin de<br \/>proposer des tourniquets pleine hauteur au rapport qualit\u00e9 prix in\u00e9gal\u00e9 dans toutes les versions et finitions.<\/p><p><strong>Accueil, autonomie et s\u00e9curit\u00e9<br \/><\/strong>Le tourniquet TGM410 est devenu une alternative efficace \u00e0 la s\u00e9curit\u00e9 des acc\u00e8s en l\u2019absence de personnel d\u2019accueil ou de s\u00e9curit\u00e9.<br \/>S\u2019\u00e9quiper de tourniquet de s\u00e9curit\u00e9 permet aussi de compter le nombre de personne et de g\u00e9rer son taux d\u2019occupation en temps r\u00e9el.<\/p><p><strong>Diff\u00e9rentes finitions<br \/><\/strong>Les tourniquets FB Mecasystem sont fabriqu\u00e9s avec diff\u00e9rents mat\u00e9riaux: inox AISI 400, AISI304, m\u00e9tal peint, acier galvanis\u00e9 et inox AISI316L et propos\u00e9s sous diff\u00e9rentes finitions: peint couleur RAL au choix, inox bross\u00e9, inox poli.<\/p><p><strong>AVANTAGES<br \/><\/strong>\u2022 M\u00e9canisme semi automatique \u00e9lectromagn\u00e9tique ultra robuste \u00e0 entrainement 3 cames<br \/>\u2022 Haute qualit\u00e9, adapt\u00e9 aux zones \u00e0 trafic intense<br \/>\u2022 Int\u00e9gration avec tout type de syst\u00e8me de contr\u00f4le d&#8217;acc\u00e8s et d&#8217;identification<br \/>\u2022 Basse consommation \u00e9nerg\u00e9tique<br \/>\u2022 Amortisseur et frein pneumatique pour une utilisation sans acoup<br \/>\u2022 Fonctionnement silencieux<br \/>\u2022 Diff\u00e9rents types de bo\u00eetiers int\u00e9rieurs ou ext\u00e9rieurs (en option)<br \/>\u2022 Large gamme d&#8217;accessoires, Canop\u00e9, toit, \u00e9clairage, espace d&#8217;int\u00e9gration pour interphone, cam\u00e9ra.<br \/>\u2022 Disponibilit\u00e9 d&#8217;une connexion de batterie de secours<br \/>\u2022 Unicit\u00e9 de passage<br \/>\u2022 Indicateurs de passage lumineux deux faces (fl\u00e8che verte = autoris\u00e9 \/ Croix rouge = interdit)<\/p><\/div><\/div><\/div><\/div><\/div><\/div><\/div><\/div><\/section><\/div><\/div><\/div><\/div><\/div><\/section>\t\t\t\t\t\t<\/div>\n\t\t\t\t<\/div>\n\t\t\t\t<div class=\"elementor-element elementor-element-1d3c15c0 elementor-position-left elementor-view-default elementor-mobile-position-top elementor-vertical-align-top elementor-widget elementor-widget-icon-box\" data-id=\"1d3c15c0\" data-element_type=\"widget\" data-widget_type=\"icon-box.default\">\n\t\t\t\t<div class=\"elementor-widget-container\">\n\t\t\t<link rel=\"stylesheet\" href=\"https:\/\/fbmecasystem.com\/wp-content\/plugins\/elementor\/assets\/css\/widget-icon-box.min.css\">\t\t<div class=\"elementor-icon-box-wrapper\">\n\t\t\t\t\t\t<div class=\"elementor-icon-box-icon\">\n\t\t\t\t<a class=\"elementor-icon elementor-animation-\" href=\"\/wp-content\/uploads\/2025\/10\/TURNGATE-MOBILE-TGB410_compressed.pdf\">\n\t\t\t\t<i aria-hidden=\"true\" class=\"far fa-file-pdf\"><\/i>\t\t\t\t<\/a>\n\t\t\t<\/div>\n\t\t\t\t\t\t<div class=\"elementor-icon-box-content\">\n\t\t\t\t<h3 class=\"elementor-icon-box-title\">\n\t\t\t\t\t<a href=\"\/wp-content\/uploads\/2025\/10\/TURNGATE-MOBILE-TGB410_compressed.pdf\" >\n\t\t\t\t\t\tTURN GATE TGM 410 (367 mb)\t\t\t\t\t<\/a>\n\t\t\t\t<\/h3>\n\t\t\t\t\t\t\t<\/div>\n\t\t<\/div>\n\t\t\t\t<\/div>\n\t\t\t\t<\/div>\n\t\t\t\t\t<\/div>\n\t\t<\/div>\n\t\t\t\t\t\t\t<\/div>\n\t\t<\/section>\n\t\t\t\t\t\t\t<\/div>\n\t\t","protected":false},"excerpt":{"rendered":"<p>Options\u2022 Tout dispositif suppl\u00e9mentaire sur demande (ex : compteur de passage, lecteurs RFID\/Proximit\u00e9\/Biom\u00e9trique, monnayeur, bouton poussoir, lecteur de code-barres et QR-code)\u2022 Plateforme mobile\u2022 Fonction de chauffage pour installation ext\u00e9rieure (pour les climats froids)\u2022 Alarme sur couvercle sup\u00e9rieur si passage au-dessus\u2022 Syst\u00e8me de refroidissement et de ventilation pour climat extr\u00eame\u2022 Application [&hellip;]<\/p>\n","protected":false},"author":1,"featured_media":0,"parent":11101,"menu_order":0,"comment_status":"closed","ping_status":"closed","template":"","meta":{"_monsterinsights_skip_tracking":false,"_monsterinsights_sitenote_active":false,"_monsterinsights_sitenote_note":"","_monsterinsights_sitenote_category":0,"footnotes":""},"yst_prominent_words":[],"class_list":["post-18409","page","type-page","status-publish","hentry"],"_links":{"self":[{"href":"https:\/\/fbmecasystem.com\/en\/wp-json\/wp\/v2\/pages\/18409","targetHints":{"allow":["GET"]}}],"collection":[{"href":"https:\/\/fbmecasystem.com\/en\/wp-json\/wp\/v2\/pages"}],"about":[{"href":"https:\/\/fbmecasystem.com\/en\/wp-json\/wp\/v2\/types\/page"}],"author":[{"embeddable":true,"href":"https:\/\/fbmecasystem.com\/en\/wp-json\/wp\/v2\/users\/1"}],"replies":[{"embeddable":true,"href":"https:\/\/fbmecasystem.com\/en\/wp-json\/wp\/v2\/comments?post=18409"}],"version-history":[{"count":37,"href":"https:\/\/fbmecasystem.com\/en\/wp-json\/wp\/v2\/pages\/18409\/revisions"}],"predecessor-version":[{"id":18555,"href":"https:\/\/fbmecasystem.com\/en\/wp-json\/wp\/v2\/pages\/18409\/revisions\/18555"}],"up":[{"embeddable":true,"href":"https:\/\/fbmecasystem.com\/en\/wp-json\/wp\/v2\/pages\/11101"}],"wp:attachment":[{"href":"https:\/\/fbmecasystem.com\/en\/wp-json\/wp\/v2\/media?parent=18409"}],"wp:term":[{"taxonomy":"yst_prominent_words","embeddable":true,"href":"https:\/\/fbmecasystem.com\/en\/wp-json\/wp\/v2\/yst_prominent_words?post=18409"}],"curies":[{"name":"wp","href":"https:\/\/api.w.org\/{rel}","templated":true}]}}